{"id":46,"date":"2023-08-30T14:18:49","date_gmt":"2023-08-30T14:18:49","guid":{"rendered":"https:\/\/planasul.co.ao\/?page_id=46"},"modified":"2023-09-11T11:16:56","modified_gmt":"2023-09-11T11:16:56","slug":"areas-de-actividade-servicos","status":"publish","type":"page","link":"https:\/\/planasul.co.ao\/index.php\/areas-de-actividade-servicos\/","title":{"rendered":"\u00c1reas de Actividade"},"content":{"rendered":"\n<div class=\"wp-block-columns is-layout-flex wp-container-core-columns-is-layout-9d6595d7 wp-block-columns-is-layout-flex\">\n<div class=\"wp-block-column is-vertically-aligned-center is-layout-flow wp-block-column-is-layout-flow\">\n<p class=\"has-text-align-center\"><strong>CONSTRU\u00c7\u00c3O E REABILITA\u00c7\u00c3O DE ESTRADAS<\/strong><\/p>\n<\/div>\n\n\n\n<div class=\"wp-block-column is-layout-flow wp-block-column-is-layout-flow\">\n<figure class=\"wp-block-image size-full is-style-rounded\"><img loading=\"lazy\" decoding=\"async\" width=\"1024\" height=\"768\" src=\"https:\/\/planasul.co.ao\/wp-content\/uploads\/2023\/09\/WhatsApp-Image-2023-02-17-at-10.23.45-2.jpeg\" alt=\"\" class=\"wp-image-141\" style=\"aspect-ratio:16\/9;object-fit:cover\" srcset=\"https:\/\/planasul.co.ao\/wp-content\/uploads\/2023\/09\/WhatsApp-Image-2023-02-17-at-10.23.45-2.jpeg 1024w, https:\/\/planasul.co.ao\/wp-content\/uploads\/2023\/09\/WhatsApp-Image-2023-02-17-at-10.23.45-2-300x225.jpeg 300w, https:\/\/planasul.co.ao\/wp-content\/uploads\/2023\/09\/WhatsApp-Image-2023-02-17-at-10.23.45-2-768x576.jpeg 768w\" sizes=\"auto, (max-width: 1024px) 100vw, 1024px\" \/><\/figure>\n<\/div>\n<\/div>\n\n\n\n<div class=\"wp-block-columns is-layout-flex wp-container-core-columns-is-layout-9d6595d7 wp-block-columns-is-layout-flex\">\n<div class=\"wp-block-column is-vertically-aligned-center is-layout-flow wp-block-column-is-layout-flow\">\n<p class=\"has-text-align-right\"><strong>PAVIMENTA\u00c7\u00c3O<\/strong><\/p>\n<\/div>\n\n\n\n<div class=\"wp-block-column is-layout-flow wp-block-column-is-layout-flow\">\n<figure class=\"wp-block-image size-full is-style-rounded\"><img loading=\"lazy\" decoding=\"async\" width=\"768\" height=\"1024\" src=\"https:\/\/planasul.co.ao\/wp-content\/uploads\/2023\/09\/WhatsApp-Image-2023-02-17-at-10.09.23-1-1.jpeg\" alt=\"\" class=\"wp-image-143\" style=\"aspect-ratio:16\/9;object-fit:cover\" srcset=\"https:\/\/planasul.co.ao\/wp-content\/uploads\/2023\/09\/WhatsApp-Image-2023-02-17-at-10.09.23-1-1.jpeg 768w, https:\/\/planasul.co.ao\/wp-content\/uploads\/2023\/09\/WhatsApp-Image-2023-02-17-at-10.09.23-1-1-225x300.jpeg 225w\" sizes=\"auto, (max-width: 768px) 100vw, 768px\" \/><\/figure>\n<\/div>\n<\/div>\n\n\n\n<div class=\"wp-block-columns is-layout-flex wp-container-core-columns-is-layout-9d6595d7 wp-block-columns-is-layout-flex\">\n<div class=\"wp-block-column is-vertically-aligned-center is-layout-flow wp-block-column-is-layout-flow\">\n<p class=\"has-text-align-right\"><strong>EXECU\u00c7\u00c3O DE OBRAS DE ARTE ESPECIAIS (PONTES E VIADUTOS)<\/strong><\/p>\n<\/div>\n\n\n\n<div class=\"wp-block-column is-layout-flow wp-block-column-is-layout-flow\">\n<figure class=\"wp-block-image size-full is-style-rounded\"><img loading=\"lazy\" decoding=\"async\" width=\"1024\" height=\"768\" src=\"https:\/\/planasul.co.ao\/wp-content\/uploads\/2023\/09\/WhatsApp-Image-2023-02-17-at-10.18.15-1-2.jpeg\" alt=\"\" class=\"wp-image-153\" style=\"aspect-ratio:16\/9;object-fit:cover\" srcset=\"https:\/\/planasul.co.ao\/wp-content\/uploads\/2023\/09\/WhatsApp-Image-2023-02-17-at-10.18.15-1-2.jpeg 1024w, https:\/\/planasul.co.ao\/wp-content\/uploads\/2023\/09\/WhatsApp-Image-2023-02-17-at-10.18.15-1-2-300x225.jpeg 300w, https:\/\/planasul.co.ao\/wp-content\/uploads\/2023\/09\/WhatsApp-Image-2023-02-17-at-10.18.15-1-2-768x576.jpeg 768w\" sizes=\"auto, (max-width: 1024px) 100vw, 1024px\" \/><\/figure>\n<\/div>\n<\/div>\n\n\n\n<div class=\"wp-block-columns is-layout-flex wp-container-core-columns-is-layout-9d6595d7 wp-block-columns-is-layout-flex\">\n<div class=\"wp-block-column is-vertically-aligned-center is-layout-flow wp-block-column-is-layout-flow\">\n<p class=\"has-text-align-right\"><strong>REQUALIFICA\u00c7\u00c3O URBANA<\/strong><\/p>\n<\/div>\n\n\n\n<div class=\"wp-block-column is-layout-flow wp-block-column-is-layout-flow\">\n<figure class=\"wp-block-image size-large is-style-rounded\"><img loading=\"lazy\" decoding=\"async\" width=\"1024\" height=\"768\" src=\"https:\/\/planasul.co.ao\/wp-content\/uploads\/2023\/09\/ulukgh-1-1024x768.jpg\" alt=\"\" class=\"wp-image-146\" style=\"aspect-ratio:16\/9;object-fit:cover\" srcset=\"https:\/\/planasul.co.ao\/wp-content\/uploads\/2023\/09\/ulukgh-1-1024x768.jpg 1024w, https:\/\/planasul.co.ao\/wp-content\/uploads\/2023\/09\/ulukgh-1-300x225.jpg 300w, https:\/\/planasul.co.ao\/wp-content\/uploads\/2023\/09\/ulukgh-1-768x576.jpg 768w, https:\/\/planasul.co.ao\/wp-content\/uploads\/2023\/09\/ulukgh-1.jpg 1280w\" sizes=\"auto, (max-width: 1024px) 100vw, 1024px\" \/><\/figure>\n<\/div>\n<\/div>\n\n\n\n<div class=\"wp-block-columns is-layout-flex wp-container-core-columns-is-layout-9d6595d7 wp-block-columns-is-layout-flex\">\n<div class=\"wp-block-column is-vertically-aligned-center is-layout-flow wp-block-column-is-layout-flow\">\n<p class=\"has-text-align-right\"><strong>CONSTRU\u00c7\u00c3O DE CONDOM\u00cdNIOS<\/strong><\/p>\n<\/div>\n\n\n\n<div class=\"wp-block-column is-layout-flow wp-block-column-is-layout-flow\">\n<figure class=\"wp-block-image size-full is-style-rounded\"><img loading=\"lazy\" decoding=\"async\" width=\"225\" height=\"151\" src=\"https:\/\/planasul.co.ao\/wp-content\/uploads\/2023\/09\/Cond-1.jpg\" alt=\"\" class=\"wp-image-154\" style=\"aspect-ratio:16\/9;object-fit:cover\"\/><\/figure>\n<\/div>\n<\/div>\n\n\n\n<div class=\"wp-block-columns is-layout-flex wp-container-core-columns-is-layout-9d6595d7 wp-block-columns-is-layout-flex\">\n<div class=\"wp-block-column is-vertically-aligned-center is-layout-flow wp-block-column-is-layout-flow\">\n<p class=\"has-text-align-right\"><strong>MOVIMENTA\u00c7\u00c3O DE TERRAS<\/strong><\/p>\n<\/div>\n\n\n\n<div class=\"wp-block-column is-layout-flow wp-block-column-is-layout-flow\">\n<figure class=\"wp-block-image size-full is-style-rounded\"><img loading=\"lazy\" decoding=\"async\" width=\"1024\" height=\"768\" src=\"https:\/\/planasul.co.ao\/wp-content\/uploads\/2023\/09\/WhatsApp-Image-2023-02-17-at-10.09.23.jpeg\" alt=\"\" class=\"wp-image-156\" style=\"aspect-ratio:16\/9;object-fit:cover\" srcset=\"https:\/\/planasul.co.ao\/wp-content\/uploads\/2023\/09\/WhatsApp-Image-2023-02-17-at-10.09.23.jpeg 1024w, https:\/\/planasul.co.ao\/wp-content\/uploads\/2023\/09\/WhatsApp-Image-2023-02-17-at-10.09.23-300x225.jpeg 300w, https:\/\/planasul.co.ao\/wp-content\/uploads\/2023\/09\/WhatsApp-Image-2023-02-17-at-10.09.23-768x576.jpeg 768w\" sizes=\"auto, (max-width: 1024px) 100vw, 1024px\" \/><\/figure>\n<\/div>\n<\/div>\n\n\n\n<div class=\"wp-block-columns is-layout-flex wp-container-core-columns-is-layout-9d6595d7 wp-block-columns-is-layout-flex\">\n<div class=\"wp-block-column is-vertically-aligned-center is-layout-flow wp-block-column-is-layout-flow\">\n<p class=\"has-text-align-right\"><strong>PRODU\u00c7\u00c3O DE BETUMINOSOS<\/strong><\/p>\n<\/div>\n\n\n\n<div class=\"wp-block-column is-layout-flow wp-block-column-is-layout-flow\">\n<figure class=\"wp-block-image size-full is-style-rounded\"><img loading=\"lazy\" decoding=\"async\" width=\"225\" height=\"151\" src=\"https:\/\/planasul.co.ao\/wp-content\/uploads\/2023\/09\/Betumi-1.jpg\" alt=\"\" class=\"wp-image-157\" style=\"aspect-ratio:16\/9;object-fit:cover\"\/><\/figure>\n<\/div>\n<\/div>\n\n\n\n<div class=\"wp-block-columns is-layout-flex wp-container-core-columns-is-layout-9d6595d7 wp-block-columns-is-layout-flex\">\n<div class=\"wp-block-column is-vertically-aligned-center is-layout-flow wp-block-column-is-layout-flow\">\n<p class=\"has-text-align-right\"><strong>PRODU\u00c7\u00c3O DE INERTES<\/strong><\/p>\n<\/div>\n\n\n\n<div class=\"wp-block-column is-layout-flow wp-block-column-is-layout-flow\">\n<figure class=\"wp-block-image size-full is-style-rounded\"><img loading=\"lazy\" decoding=\"async\" width=\"1024\" height=\"768\" src=\"https:\/\/planasul.co.ao\/wp-content\/uploads\/2023\/09\/WhatsApp-Image-2023-02-17-at-11.12.41-1-1.jpeg\" alt=\"\" class=\"wp-image-158\" style=\"aspect-ratio:16\/9;object-fit:cover\" srcset=\"https:\/\/planasul.co.ao\/wp-content\/uploads\/2023\/09\/WhatsApp-Image-2023-02-17-at-11.12.41-1-1.jpeg 1024w, https:\/\/planasul.co.ao\/wp-content\/uploads\/2023\/09\/WhatsApp-Image-2023-02-17-at-11.12.41-1-1-300x225.jpeg 300w, https:\/\/planasul.co.ao\/wp-content\/uploads\/2023\/09\/WhatsApp-Image-2023-02-17-at-11.12.41-1-1-768x576.jpeg 768w\" sizes=\"auto, (max-width: 1024px) 100vw, 1024px\" \/><\/figure>\n<\/div>\n<\/div>\n\n\n\n<div class=\"wp-block-columns is-layout-flex wp-container-core-columns-is-layout-9d6595d7 wp-block-columns-is-layout-flex\">\n<div class=\"wp-block-column is-vertically-aligned-center is-layout-flow wp-block-column-is-layout-flow\">\n<p class=\"has-text-align-right\"><strong>PRODU\u00c7\u00c3O DE ESTRUTURAS DE BET\u00c3O ARMADO E PR\u00c9-ESFOR\u00c7ADO<\/strong><\/p>\n<\/div>\n\n\n\n<div class=\"wp-block-column is-layout-flow wp-block-column-is-layout-flow\">\n<figure class=\"wp-block-image size-full is-style-rounded\"><img loading=\"lazy\" decoding=\"async\" width=\"626\" height=\"480\" src=\"https:\/\/planasul.co.ao\/wp-content\/uploads\/2023\/09\/manilhas.jpg\" alt=\"\" class=\"wp-image-160\" style=\"aspect-ratio:16\/9;object-fit:cover\" srcset=\"https:\/\/planasul.co.ao\/wp-content\/uploads\/2023\/09\/manilhas.jpg 626w, https:\/\/planasul.co.ao\/wp-content\/uploads\/2023\/09\/manilhas-300x230.jpg 300w\" sizes=\"auto, (max-width: 626px) 100vw, 626px\" \/><\/figure>\n<\/div>\n<\/div>\n","protected":false},"excerpt":{"rendered":"<p>CONSTRU\u00c7\u00c3O E REABILITA\u00c7\u00c3O DE ESTRADAS PAVIMENTA\u00c7\u00c3O EXECU\u00c7\u00c3O DE OBRAS DE ARTE ESPECIAIS (PONTES E VIADUTOS) REQUALIFICA\u00c7\u00c3O URBANA CONSTRU\u00c7\u00c3O DE CONDOM\u00cdNIOS MOVIMENTA\u00c7\u00c3O DE TERRAS PRODU\u00c7\u00c3O DE BETUMINOSOS PRODU\u00c7\u00c3O DE INERTES PRODU\u00c7\u00c3O DE ESTRUTURAS DE BET\u00c3O ARMADO E PR\u00c9-ESFOR\u00c7ADO<\/p>\n","protected":false},"author":1,"featured_media":33,"parent":0,"menu_order":0,"comment_status":"closed","ping_status":"closed","template":"","meta":{"footnotes":""},"class_list":["post-46","page","type-page","status-publish","has-post-thumbnail","hentry"],"_links":{"self":[{"href":"https:\/\/planasul.co.ao\/index.php\/wp-json\/wp\/v2\/pages\/46","targetHints":{"allow":["GET"]}}],"collection":[{"href":"https:\/\/planasul.co.ao\/index.php\/wp-json\/wp\/v2\/pages"}],"about":[{"href":"https:\/\/planasul.co.ao\/index.php\/wp-json\/wp\/v2\/types\/page"}],"author":[{"embeddable":true,"href":"https:\/\/planasul.co.ao\/index.php\/wp-json\/wp\/v2\/users\/1"}],"replies":[{"embeddable":true,"href":"https:\/\/planasul.co.ao\/index.php\/wp-json\/wp\/v2\/comments?post=46"}],"version-history":[{"count":5,"href":"https:\/\/planasul.co.ao\/index.php\/wp-json\/wp\/v2\/pages\/46\/revisions"}],"predecessor-version":[{"id":122,"href":"https:\/\/planasul.co.ao\/index.php\/wp-json\/wp\/v2\/pages\/46\/revisions\/122"}],"wp:featuredmedia":[{"embeddable":true,"href":"https:\/\/planasul.co.ao\/index.php\/wp-json\/wp\/v2\/media\/33"}],"wp:attachment":[{"href":"https:\/\/planasul.co.ao\/index.php\/wp-json\/wp\/v2\/media?parent=46"}],"curies":[{"name":"wp","href":"https:\/\/api.w.org\/{rel}","templated":true}]}}