{"id":9,"date":"2023-08-30T12:47:06","date_gmt":"2023-08-30T12:47:06","guid":{"rendered":"https:\/\/planasul.co.ao\/?page_id=9"},"modified":"2023-09-12T06:31:46","modified_gmt":"2023-09-12T06:31:46","slug":"contacto","status":"publish","type":"page","link":"https:\/\/planasul.co.ao\/index.php\/contacto\/","title":{"rendered":"Contactos"},"content":{"rendered":"\n<div class=\"wp-block-columns is-layout-flex wp-container-core-columns-is-layout-9d6595d7 wp-block-columns-is-layout-flex\">\n<div class=\"wp-block-column is-vertically-aligned-top is-layout-flow wp-block-column-is-layout-flow\">\n<p>Aqui pode enviar uma mensagem, iremos responder com a maior brevidade.<\/p>\n\n\n\n<p><\/p>\n\n\n\n<p>Obrigado!<\/p>\n<\/div>\n\n\n\n<div class=\"wp-block-column is-layout-flow wp-block-column-is-layout-flow\">\n<form method=\"post\" class=\"wp-block-gutena-forms gutena-forms-contact-form gutena_forms_ID_6ca63921ac_1192023152316 input-box-border-bottom-only after_submit_message is-layout-flow wp-block-gutena-forms-is-layout-flow\" style=\"padding-top:2rem;padding-bottom:5rem\"><input type=\"hidden\" name=\"formid\" value=\"gutena_forms_ID_6ca63921ac_1192023152316\"\/>\n<div class=\"wp-block-gutena-field-group is-layout-flow wp-block-gutena-field-group-is-layout-flow\">\n<div class=\"wp-block-group is-vertical is-layout-flex wp-container-core-group-is-layout-c8e3a30a wp-block-group-is-layout-flex\">\n<h3 class=\"wp-block-heading heading-input-label-gutena\">Primeiro nome<\/h3>\n\n\n<div class=\"gutena-forms-text-field field-name-first_name  wp-block-gutena-form-field\"><input \n\t\t\t\t name=\"first_name\" type=\"text\" class=\"gutena-forms-field text-field required-field  \" placeholder=\"Enter your first name\"  required \n\t\t\t\t\/><\/div><\/div>\n\n\n\n<p class=\"gutena-forms-field-error-msg\"><\/p>\n<\/div>\n\n\n\n<div class=\"wp-block-gutena-field-group is-layout-flow wp-block-gutena-field-group-is-layout-flow\">\n<div class=\"wp-block-group is-vertical is-layout-flex wp-container-core-group-is-layout-c8e3a30a wp-block-group-is-layout-flex\">\n<h3 class=\"wp-block-heading heading-input-label-gutena\">\u00daltimo nome<\/h3>\n\n\n<div class=\"gutena-forms-text-field field-name-last_name  wp-block-gutena-form-field\"><input \n\t\t\t\t name=\"last_name\" type=\"text\" class=\"gutena-forms-field text-field required-field  \" placeholder=\"Enter your last name\"  required \n\t\t\t\t\/><\/div><\/div>\n\n\n\n<p class=\"gutena-forms-field-error-msg\"><\/p>\n<\/div>\n\n\n\n<div class=\"wp-block-gutena-field-group is-layout-flow wp-block-gutena-field-group-is-layout-flow\">\n<div class=\"wp-block-group is-vertical is-layout-flex wp-container-core-group-is-layout-c8e3a30a wp-block-group-is-layout-flex\">\n<h3 class=\"wp-block-heading heading-input-label-gutena\">Email<\/h3>\n\n\n<div class=\"gutena-forms-email-field field-name-email  wp-block-gutena-form-field\"><input \n\t\t\t\t name=\"email\" type=\"email\" class=\"gutena-forms-field email-field required-field  \" placeholder=\"example@gmail.com\"  required \n\t\t\t\t\/><\/div><\/div>\n\n\n\n<p class=\"gutena-forms-field-error-msg\"><\/p>\n<\/div>\n\n\n\n<div class=\"wp-block-gutena-field-group is-layout-flow wp-block-gutena-field-group-is-layout-flow\">\n<div class=\"wp-block-group is-vertical is-layout-flex wp-container-core-group-is-layout-c8e3a30a wp-block-group-is-layout-flex\">\n<h3 class=\"wp-block-heading heading-input-label-gutena\">Assunto<\/h3>\n\n\n<div class=\"gutena-forms-text-field field-name-subject  wp-block-gutena-form-field\"><input \n\t\t\t\t name=\"subject\" type=\"text\" class=\"gutena-forms-field text-field required-field  \" placeholder=\"Subject\"  required \n\t\t\t\t\/><\/div><\/div>\n\n\n\n<p class=\"gutena-forms-field-error-msg\"><\/p>\n<\/div>\n\n\n\n<div class=\"wp-block-gutena-field-group is-layout-flow wp-block-gutena-field-group-is-layout-flow\">\n<div class=\"wp-block-group is-vertical is-layout-flex wp-container-core-group-is-layout-c8e3a30a wp-block-group-is-layout-flex\">\n<h3 class=\"wp-block-heading heading-input-label-gutena\">Mensagem<\/h3>\n\n\n<div class=\"gutena-forms-textarea-field field-name-message  wp-block-gutena-form-field\"><textarea \n\t\t\t\t name=\"message\" rows=\"5\" class=\"gutena-forms-field textarea-field required-field  \" placeholder=\"Type here\"  required \n\t\t\t\t><\/textarea><\/div><\/div>\n\n\n\n<p class=\"gutena-forms-field-error-msg\"><\/p>\n<\/div>\n\n\n\n<div class=\"wp-block-buttons gutena-forms-submit-buttons is-layout-flex wp-block-buttons-is-layout-flex\">\n<div class=\"wp-block-button gutena-forms-submit-button\"><button class=\"wp-block-button__link wp-element-button\">Enviar<\/button><\/div>\n<\/div>\n\n\n\n<div class=\"wp-block-gutena-form-confirm-msg is-layout-flow wp-block-gutena-form-confirm-msg-is-layout-flow\">\n<div class=\"wp-block-group has-background is-content-justification-left is-nowrap is-layout-flex wp-container-core-group-is-layout-25cdd410 wp-block-group-is-layout-flex\" style=\"border-radius:5px;background-color:#d8eacc;padding-top:12px;padding-right:12px;padding-bottom:12px;padding-left:12px\">\n<figure class=\"wp-block-image size-large form-message-icon\"><img decoding=\"async\" src=\"data:image\/svg+xml;base64,PHN2ZyB3aWR0aD0iMTYiIGhlaWdodD0iMTYiIHZpZXdCb3g9IjAgMCAxNiAxNiIgZmlsbD0ibm9uZSIgeG1sbnM9Imh0dHA6Ly93d3cudzMub3JnLzIwMDAvc3ZnIj4KPHBhdGggZD0iTTggMTZDMy41ODE2IDE2IDAgMTIuNDE4NCAwIDhDMCAzLjU4MTYgMy41ODE2IDAgOCAwQzEyLjQxODQgMCAxNiAzLjU4MTYgMTYgOEMxNiAxMi40MTg0IDEyLjQxODQgMTYgOCAxNlpNOCAxNC40QzkuNjk3MzkgMTQuNCAxMS4zMjUzIDEzLjcyNTcgMTIuNTI1NSAxMi41MjU1QzEzLjcyNTcgMTEuMzI1MyAxNC40IDkuNjk3MzkgMTQuNCA4QzE0LjQgNi4zMDI2MSAxMy43MjU3IDQuNjc0NzUgMTIuNTI1NSAzLjQ3NDUyQzExLjMyNTMgMi4yNzQyOCA5LjY5NzM5IDEuNiA4IDEuNkM2LjMwMjYxIDEuNiA0LjY3NDc1IDIuMjc0MjggMy40NzQ1MiAzLjQ3NDUyQzIuMjc0MjggNC42NzQ3NSAxLjYgNi4zMDI2MSAxLjYgOEMxLjYgOS42OTczOSAyLjI3NDI4IDExLjMyNTMgMy40NzQ1MiAxMi41MjU1QzQuNjc0NzUgMTMuNzI1NyA2LjMwMjYxIDE0LjQgOCAxNC40Wk03LjIwMjQgMTEuMkwzLjgwOCA3LjgwNTZMNC45MzkyIDYuNjc0NEw3LjIwMjQgOC45Mzc2TDExLjcyNzIgNC40MTJMMTIuODU5MiA1LjU0MzJMNy4yMDI0IDExLjJaIiBmaWxsPSIjNDY4NDFFIi8+Cjwvc3ZnPgo=\" alt=\"Success\" class=\"wp-image-3811\"\/><\/figure>\n\n\n\n<p class=\"has-black-color has-text-color has-tiny-font-size\" style=\"font-size:12px;font-style:normal;font-weight:500;line-height:1.2\">A sua mensagem foi enviada com sucesso!<\/p>\n<\/div>\n<\/div>\n\n\n\n<div class=\"wp-block-gutena-form-error-msg is-layout-flow wp-block-gutena-form-error-msg-is-layout-flow\">\n<div class=\"wp-block-group has-background is-content-justification-left is-nowrap is-layout-flex wp-container-core-group-is-layout-25cdd410 wp-block-group-is-layout-flex\" style=\"border-radius:5px;background-color:#ffd3d3;padding-top:12px;padding-right:12px;padding-bottom:12px;padding-left:12px\">\n<figure class=\"wp-block-image size-large form-message-icon\"><img decoding=\"async\" src=\"data:image\/svg+xml;base64,PHN2ZyB3aWR0aD0iMTYiIGhlaWdodD0iMTYiIHZpZXdCb3g9IjAgMCAxNiAxNiIgZmlsbD0ibm9uZSIgeG1sbnM9Imh0dHA6Ly93d3cudzMub3JnLzIwMDAvc3ZnIj4KPHBhdGggZD0iTTggMTZDMy41ODE2IDE2IDAgMTIuNDE4NCAwIDhDMCAzLjU4MTYgMy41ODE2IDAgOCAwQzEyLjQxODQgMCAxNiAzLjU4MTYgMTYgOEMxNiAxMi40MTg0IDEyLjQxODQgMTYgOCAxNlpNOCAxNC40QzkuNjk3MzkgMTQuNCAxMS4zMjUzIDEzLjcyNTcgMTIuNTI1NSAxMi41MjU1QzEzLjcyNTcgMTEuMzI1MyAxNC40IDkuNjk3MzkgMTQuNCA4QzE0LjQgNi4zMDI2MSAxMy43MjU3IDQuNjc0NzUgMTIuNTI1NSAzLjQ3NDUyQzExLjMyNTMgMi4yNzQyOCA5LjY5NzM5IDEuNiA4IDEuNkM2LjMwMjYxIDEuNiA0LjY3NDc1IDIuMjc0MjggMy40NzQ1MiAzLjQ3NDUyQzIuMjc0MjggNC42NzQ3NSAxLjYgNi4zMDI2MSAxLjYgOEMxLjYgOS42OTczOSAyLjI3NDI4IDExLjMyNTMgMy40NzQ1MiAxMi41MjU1QzQuNjc0NzUgMTMuNzI1NyA2LjMwMjYxIDE0LjQgOCAxNC40Wk03LjIgMTAuNEg4LjhWMTJINy4yVjEwLjRaTTcuMiA0SDguOFY4LjhINy4yVjRaIiBmaWxsPSIjQzUxOTE5Ii8+Cjwvc3ZnPgo=\" alt=\"Error\" class=\"wp-image-3811\"\/><\/figure>\n\n\n\n<p class=\"gutena-forms-error-text has-black-color has-text-color\" style=\"font-size:12px;font-style:normal;font-weight:500;line-height:1.2\">Desculpa! a sua mensagem n\u00e3o foi enviada, veja os erros a cima.<\/p>\n<\/div>\n<\/div>\n<\/form>\n<\/div>\n<\/div>\n\n\n\n<div class=\"wp-block-columns is-layout-flex wp-container-core-columns-is-layout-9d6595d7 wp-block-columns-is-layout-flex\">\n<div class=\"wp-block-column is-layout-flow wp-block-column-is-layout-flow\" style=\"flex-basis:66.66%\">\n<figure class=\"wp-block-image size-large\"><img loading=\"lazy\" decoding=\"async\" width=\"1024\" height=\"508\" src=\"https:\/\/planasul.co.ao\/wp-content\/uploads\/2023\/09\/Google-Maps-1-1024x508.png\" alt=\"\" class=\"wp-image-169\" srcset=\"https:\/\/planasul.co.ao\/wp-content\/uploads\/2023\/09\/Google-Maps-1-1024x508.png 1024w, https:\/\/planasul.co.ao\/wp-content\/uploads\/2023\/09\/Google-Maps-1-300x149.png 300w, https:\/\/planasul.co.ao\/wp-content\/uploads\/2023\/09\/Google-Maps-1-768x381.png 768w, https:\/\/planasul.co.ao\/wp-content\/uploads\/2023\/09\/Google-Maps-1-1536x762.png 1536w, https:\/\/planasul.co.ao\/wp-content\/uploads\/2023\/09\/Google-Maps-1-2048x1016.png 2048w, https:\/\/planasul.co.ao\/wp-content\/uploads\/2023\/09\/Google-Maps-1-2000x992.png 2000w\" sizes=\"auto, (max-width: 1024px) 100vw, 1024px\" \/><\/figure>\n<\/div>\n\n\n\n<div class=\"wp-block-column is-layout-flow wp-block-column-is-layout-flow\" style=\"flex-basis:33.33%\">\n<p><strong>Morada<\/strong><\/p>\n\n\n\n<p>Rua da M\u00f4ngua, Pr\u00e9dio da Ind\u00fastria, 1\u00ba Andar, Lubango \u2013 Prov\u00edncia da Hu\u00edla<\/p>\n\n\n\n<p><strong>Telefone<\/strong><br>+244 222 738 250<\/p>\n\n\n\n<p><strong>Email<\/strong><br><a href=\"mailto:geral@planasul.co.ao\">geral@planasul.co.ao<\/a><\/p>\n<\/div>\n<\/div>\n\n\n\n<div class=\"wp-block-group\"><div class=\"wp-block-group__inner-container is-layout-constrained wp-block-group-is-layout-constrained\">\n<div class=\"wp-block-group\"><div class=\"wp-block-group__inner-container is-layout-flow wp-block-group-is-layout-flow\">\n<div class=\"wp-block-columns is-layout-flex wp-container-core-columns-is-layout-9d6595d7 wp-block-columns-is-layout-flex\">\n<div class=\"wp-block-column is-layout-flow wp-block-column-is-layout-flow\">\n<p class=\"has-text-align-left has-text-color\" style=\"color:#0bb4aa\">Onde estamos localizados<\/p>\n\n\n\n<h2 class=\"wp-block-heading has-text-align-left has-max-48-font-size\">Localiza\u00e7\u00f5es de escrit\u00f3rios de representa\u00e7\u00e3o<\/h2>\n\n\n\n<div class=\"wp-block-columns is-layout-flex wp-container-core-columns-is-layout-9d6595d7 wp-block-columns-is-layout-flex\">\n<div class=\"wp-block-column is-layout-flow wp-block-column-is-layout-flow\">\n<p style=\"line-height:2.5\">Lubango (Sede)<br>Luanda<br>Benguela<br><br><\/p>\n<\/div>\n\n\n\n<div class=\"wp-block-column is-layout-flow wp-block-column-is-layout-flow\">\n<p style=\"line-height:2.5\">Mo\u00e7\u00e2medes<br>Cu\u00edto<br><br><\/p>\n<\/div>\n<\/div>\n<\/div>\n\n\n\n<div class=\"wp-block-column is-layout-flow wp-block-column-is-layout-flow\">\n<figure class=\"wp-block-image size-full is-resized\"><img decoding=\"async\" src=\"https:\/\/planasul.co.ao\/wp-content\/uploads\/2023\/09\/mapa_Angola.png\" alt=\"\" class=\"wp-image-127\" style=\"width:404px\" width=\"404\" srcset=\"https:\/\/planasul.co.ao\/wp-content\/uploads\/2023\/09\/mapa_Angola.png 439w, https:\/\/planasul.co.ao\/wp-content\/uploads\/2023\/09\/mapa_Angola-257x300.png 257w\" sizes=\"(max-width: 439px) 100vw, 439px\" \/><\/figure>\n<\/div>\n<\/div>\n\n\n\n<hr class=\"wp-block-separator has-text-color has-lightgrey-color has-alpha-channel-opacity has-lightgrey-background-color has-background is-style-wide\"\/>\n\n\n\n<div class=\"wp-block-columns is-layout-flex wp-container-core-columns-is-layout-b77fe592 wp-block-columns-is-layout-flex\" style=\"padding-top:var(--wp--preset--spacing--60);padding-bottom:var(--wp--preset--spacing--60);padding-left:0\">\n<div class=\"wp-block-column is-vertically-aligned-center is-content-justification-left is-layout-constrained wp-container-core-column-is-layout-8c890d92 wp-block-column-is-layout-constrained\" style=\"flex-basis:66.66%\">\n<h2 class=\"wp-block-heading\">Estas a pensar juntares-te a n\u00f3s?<\/h2>\n\n\n\n<p>Contacte-nos e envie-nos o seu Curriculum.<\/p>\n<\/div>\n\n\n\n<div class=\"wp-block-column is-layout-flow wp-block-column-is-layout-flow\" style=\"flex-basis:33.33%\">\n<div class=\"wp-block-buttons is-content-justification-right is-layout-flex wp-container-core-buttons-is-layout-765c4724 wp-block-buttons-is-layout-flex\">\n<div class=\"wp-block-button\"><a class=\"wp-block-button__link has-primary-background-color has-background wp-element-button\" style=\"border-radius:4px\">Ver vagas<\/a><\/div>\n<\/div>\n<\/div>\n<\/div>\n<\/div><\/div>\n<\/div><\/div>\n\n\n\n<ul class=\"wp-block-social-links has-visible-labels is-content-justification-center is-layout-flex wp-container-core-social-links-is-layout-64b26803 wp-block-social-links-is-layout-flex\">\n\n\n\n\n\n\n\n<\/ul>\n","protected":false},"excerpt":{"rendered":"<p>Aqui pode enviar uma mensagem, iremos responder com a maior brevidade. Obrigado! Morada Rua da M\u00f4ngua, Pr\u00e9dio da Ind\u00fastria, 1\u00ba Andar, Lubango \u2013 Prov\u00edncia da Hu\u00edla Telefone+244 222 738 250 Emailgeral@planasul.co.ao Onde estamos localizados Localiza\u00e7\u00f5es de escrit\u00f3rios de representa\u00e7\u00e3o Lubango (Sede)LuandaBenguela Mo\u00e7\u00e2medesCu\u00edto Estas a pensar juntares-te a n\u00f3s? Contacte-nos e envie-nos o seu Curriculum.<\/p>\n","protected":false},"author":1,"featured_media":125,"parent":0,"menu_order":0,"comment_status":"closed","ping_status":"closed","template":"","meta":{"footnotes":""},"class_list":["post-9","page","type-page","status-publish","has-post-thumbnail","hentry"],"_links":{"self":[{"href":"https:\/\/planasul.co.ao\/index.php\/wp-json\/wp\/v2\/pages\/9","targetHints":{"allow":["GET"]}}],"collection":[{"href":"https:\/\/planasul.co.ao\/index.php\/wp-json\/wp\/v2\/pages"}],"about":[{"href":"https:\/\/planasul.co.ao\/index.php\/wp-json\/wp\/v2\/types\/page"}],"author":[{"embeddable":true,"href":"https:\/\/planasul.co.ao\/index.php\/wp-json\/wp\/v2\/users\/1"}],"replies":[{"embeddable":true,"href":"https:\/\/planasul.co.ao\/index.php\/wp-json\/wp\/v2\/comments?post=9"}],"version-history":[{"count":15,"href":"https:\/\/planasul.co.ao\/index.php\/wp-json\/wp\/v2\/pages\/9\/revisions"}],"predecessor-version":[{"id":172,"href":"https:\/\/planasul.co.ao\/index.php\/wp-json\/wp\/v2\/pages\/9\/revisions\/172"}],"wp:featuredmedia":[{"embeddable":true,"href":"https:\/\/planasul.co.ao\/index.php\/wp-json\/wp\/v2\/media\/125"}],"wp:attachment":[{"href":"https:\/\/planasul.co.ao\/index.php\/wp-json\/wp\/v2\/media?parent=9"}],"curies":[{"name":"wp","href":"https:\/\/api.w.org\/{rel}","templated":true}]}}